{"id":19,"date":"2025-08-11T18:02:00","date_gmt":"2025-08-11T18:02:00","guid":{"rendered":"http:\/\/achcalligraphy.com\/?page_id=19"},"modified":"2025-08-12T19:39:55","modified_gmt":"2025-08-12T19:39:55","slug":"about","status":"publish","type":"page","link":"https:\/\/achcalligraphy.com\/?page_id=19","title":{"rendered":"Sur l&#8217;artiste"},"content":{"rendered":"\n<p>Passionn\u00e9 de calligraphie depuis son plus jeune \u00e2ge, Amine&nbsp;a toujours voulu explorer la beaut\u00e9 que rec\u00e8le la calligraphie Arabe et Persane. Une passion enrichie par son amour du voyage dans plusieurs pays ou il a d\u00e9couvrir la lettre arabe et persane sous des diff\u00e9rentes formes  ( Maroc, Tunisie , Alg\u00e9rie , Jordanie , Turquie\u2026..)<\/p>\n\n\n\n<p>A travers ses tableaux, l&#8217;artiste&nbsp;invite les amoureux de la lettre \u00e0 d\u00e9couvrir son intemporalit\u00e9. Ses \u0153uvres ne se limitent pas \u00e0 une simple reproduction de caract\u00e8res, mais elles transcendent les fronti\u00e8res entre tradition et contemporan\u00e9it\u00e9.<\/p>\n\n\n\n<p>Son travail, est un m\u00e9lange entre mysticisme et art moderne. Chacune de ses compositions calligraphiques est impr\u00e9gn\u00e9e d&#8217;une profondeur spirituelle qui touche l&#8217;\u00e2me de ceux qui l&#8217;observe, tout en \u00e9tant ancr\u00e9e dans l&#8217;esth\u00e9tique contemporaine.<\/p>\n\n\n\n<p>Qu&#8217;il s&#8217;agisse de compositions minimalistes ou de pi\u00e8ces plus complexes, chacune porte en elle une histoire, une \u00e9motion, et un lien entre le pass\u00e9 et le pr\u00e9sent. <\/p>\n\n\n\n<p>Il se veut initiateur d&#8217;une nouvelle approche de la calligraphie , une approche moins traditionnaliste port\u00e9e sur le symbolisme \u00e0 travers les lettres.<\/p>\n\n\n\n<p>Convaincu de l&#8217;infinit\u00e9 des horizons que rec\u00e8le les arts de l&#8217;islam, il compl\u00e8te sa pratique de la calligraphie par des formations artistiques notamment dans l&#8217;art et l&#8217;architecture islamique dans la prestigieuse universit\u00e9 d&#8217;Oxford.<\/p>\n\n\n<div class=\"wp-block-image wp-duotone-grayscale\">\n<figure class=\"aligncenter size-large is-resized\"><img loading=\"lazy\" decoding=\"async\" width=\"768\" height=\"1024\" src=\"http:\/\/achcalligraphy.com\/wp-content\/uploads\/2025\/08\/Photo-Amine-Chakof-768x1024.jpg\" alt=\"\" class=\"wp-image-48\" style=\"width:327px;height:auto\" srcset=\"https:\/\/achcalligraphy.com\/wp-content\/uploads\/2025\/08\/Photo-Amine-Chakof-768x1024.jpg 768w, https:\/\/achcalligraphy.com\/wp-content\/uploads\/2025\/08\/Photo-Amine-Chakof-225x300.jpg 225w, https:\/\/achcalligraphy.com\/wp-content\/uploads\/2025\/08\/Photo-Amine-Chakof-1152x1536.jpg 1152w, https:\/\/achcalligraphy.com\/wp-content\/uploads\/2025\/08\/Photo-Amine-Chakof.jpg 1536w\" sizes=\"auto, (max-width: 767px) 89vw, (max-width: 1000px) 54vw, (max-width: 1071px) 543px, 580px\" \/><figcaption class=\"wp-element-caption\">Amine Chakof<\/figcaption><\/figure>\n<\/div>","protected":false},"excerpt":{"rendered":"<p>Passionn\u00e9 de calligraphie depuis son plus jeune \u00e2ge, Amine&nbsp;a toujours voulu explorer la beaut\u00e9 que rec\u00e8le la calligraphie Arabe et Persane. Une passion enrichie par son amour du voyage dans plusieurs pays ou il a d\u00e9couvrir la lettre arabe et persane sous des diff\u00e9rentes formes ( Maroc, Tunisie , Alg\u00e9rie , Jordanie , Turquie\u2026..) A &hellip; <\/p>\n<p class=\"link-more\"><a href=\"https:\/\/achcalligraphy.com\/?page_id=19\" class=\"more-link\">Continue reading<span class=\"screen-reader-text\"> &#8220;Sur l&#8217;artiste&#8221;<\/span><\/a><\/p>\n","protected":false},"author":1,"featured_media":0,"parent":0,"menu_order":0,"comment_status":"closed","ping_status":"closed","template":"","meta":{"footnotes":""},"class_list":["post-19","page","type-page","status-publish","hentry"],"_links":{"self":[{"href":"https:\/\/achcalligraphy.com\/index.php?rest_route=\/wp\/v2\/pages\/19","targetHints":{"allow":["GET"]}}],"collection":[{"href":"https:\/\/achcalligraphy.com\/index.php?rest_route=\/wp\/v2\/pages"}],"about":[{"href":"https:\/\/achcalligraphy.com\/index.php?rest_route=\/wp\/v2\/types\/page"}],"author":[{"embeddable":true,"href":"https:\/\/achcalligraphy.com\/index.php?rest_route=\/wp\/v2\/users\/1"}],"replies":[{"embeddable":true,"href":"https:\/\/achcalligraphy.com\/index.php?rest_route=%2Fwp%2Fv2%2Fcomments&post=19"}],"version-history":[{"count":6,"href":"https:\/\/achcalligraphy.com\/index.php?rest_route=\/wp\/v2\/pages\/19\/revisions"}],"predecessor-version":[{"id":100,"href":"https:\/\/achcalligraphy.com\/index.php?rest_route=\/wp\/v2\/pages\/19\/revisions\/100"}],"wp:attachment":[{"href":"https:\/\/achcalligraphy.com\/index.php?rest_route=%2Fwp%2Fv2%2Fmedia&parent=19"}],"curies":[{"name":"wp","href":"https:\/\/api.w.org\/{rel}","templated":true}]}}