{"id":22,"date":"2025-08-11T18:02:00","date_gmt":"2025-08-11T18:02:00","guid":{"rendered":"http:\/\/achcalligraphy.com\/?page_id=22"},"modified":"2025-11-26T11:41:07","modified_gmt":"2025-11-26T11:41:07","slug":"a-homepage-section","status":"publish","type":"page","link":"https:\/\/achcalligraphy.com\/","title":{"rendered":"Ma vision de l&#8217;art de la calligraphie :"},"content":{"rendered":"\n<div class=\"wp-block-cover\"><video class=\"wp-block-cover__video-background intrinsic-ignore\" autoplay muted loop playsinline src=\"http:\/\/achcalligraphy.com\/wp-content\/uploads\/2025\/08\/IMG_0560.mov\" data-object-fit=\"cover\"><\/video><span aria-hidden=\"true\" class=\"wp-block-cover__background has-background-dim\"><\/span><div class=\"wp-block-cover__inner-container is-layout-flow wp-block-cover-is-layout-flow\">\n<p class=\"has-text-align-center has-large-font-size\"><\/p>\n<\/div><\/div>\n\n\n\n<div class=\"wp-block-group\"><div class=\"wp-block-group__inner-container is-layout-constrained wp-block-group-is-layout-constrained\">\n<div class=\"wp-block-columns is-layout-flex wp-container-core-columns-is-layout-9d6595d7 wp-block-columns-is-layout-flex\">\n<div class=\"wp-block-column is-layout-flow wp-block-column-is-layout-flow\" style=\"flex-basis:100%\"><\/div>\n<\/div>\n<\/div><\/div>\n\n\n\n<p>La calligraphie ne se r\u00e9sume pas \u00e0 la beaut\u00e9 graphique d&#8217;une lettre bien dessin\u00e9e. Elle est bien plus qu&#8217;une simple discipline esth\u00e9tique. Elle est un geste habit\u00e9, une respiration du sens, une traduction silencieuse de l&#8217;\u00e2me.<br><br>Chaque trait, chaque courbe, chaque silence entre les lignes, porte en lui une intention, une m\u00e9moire, une pr\u00e9sence.<br><br>Elle est l&#8217;empreinte du corps autant que celle de l&#8217;esprit, la trace visible d&#8217;une \u00e9nergie invisible.<br><br>Ce n&#8217;est pas la lettre qui parle, mais ce que la main du calligraphe y a laiss\u00e9 : une tension, une \u00e9motion, une qu\u00eate d&#8217;harmonie.<br><br>La calligraphie ne se lit pas, elle s&#8217;\u00e9coute, se ressent, se contemple. Et \u00e0 chaque regard, elle se transforme, car elle ne livre jamais la m\u00eame chose \u00e0 celui qui la regarde avec un autre c\u0153ur, \u00e0 une autre heure.<br><br>Elle est une m\u00e9taphore du vivant : changeante, mouvante, jamais fig\u00e9e. \u00c0 la fois trace du pass\u00e9 et souffle du pr\u00e9sent.<br><br>Elle porte en elle des valeurs silencieuses : la patience, la rigueur, la g\u00e9n\u00e9rosit\u00e9 du trait, la ma\u00eetrise et l&#8217;abandon, la r\u00e9gularit\u00e9 dans le chaos.<br><br>Ainsi, la calligraphie n&#8217;est pas un art de repr\u00e9senter, c&#8217;est un art de transmettre et ce qu&#8217;elle transmet, nul ne peut le dire compl\u00e8tement, car ce qu&#8217;elle donne est intime, secret, parfois sacr\u00e9<\/p>\n\n\n\n<div class=\"wp-block-cover aligncenter is-light\"><img loading=\"lazy\" decoding=\"async\" width=\"1024\" height=\"640\" class=\"wp-block-cover__image-background wp-image-69 size-large\" alt=\"\" src=\"http:\/\/achcalligraphy.com\/wp-content\/uploads\/2025\/08\/IMG_0563-1-1024x640.jpg\" data-object-fit=\"cover\" srcset=\"https:\/\/achcalligraphy.com\/wp-content\/uploads\/2025\/08\/IMG_0563-1-1024x640.jpg 1024w, https:\/\/achcalligraphy.com\/wp-content\/uploads\/2025\/08\/IMG_0563-1-300x188.jpg 300w, https:\/\/achcalligraphy.com\/wp-content\/uploads\/2025\/08\/IMG_0563-1-768x480.jpg 768w, https:\/\/achcalligraphy.com\/wp-content\/uploads\/2025\/08\/IMG_0563-1-1536x960.jpg 1536w, https:\/\/achcalligraphy.com\/wp-content\/uploads\/2025\/08\/IMG_0563-1.jpg 1728w\" sizes=\"auto, (max-width: 767px) 89vw, (max-width: 1000px) 54vw, (max-width: 1071px) 543px, 580px\" \/><span aria-hidden=\"true\" class=\"wp-block-cover__background has-background-dim\" style=\"background-color:#b9a99c\"><\/span><div class=\"wp-block-cover__inner-container is-layout-constrained wp-block-cover-is-layout-constrained\">\n<p class=\"has-text-align-center\">\u0152uvre:  <strong><em>Roses Toxiques <\/em><\/strong><\/p>\n<\/div><\/div>\n\n\n\n<p><\/p>\n","protected":false},"excerpt":{"rendered":"<p>La calligraphie ne se r\u00e9sume pas \u00e0 la beaut\u00e9 graphique d&#8217;une lettre bien dessin\u00e9e. Elle est bien plus qu&#8217;une simple discipline esth\u00e9tique. Elle est un geste habit\u00e9, une respiration du sens, une traduction silencieuse de l&#8217;\u00e2me. Chaque trait, chaque courbe, chaque silence entre les lignes, porte en lui une intention, une m\u00e9moire, une pr\u00e9sence. Elle &hellip; <\/p>\n<p class=\"link-more\"><a href=\"https:\/\/achcalligraphy.com\/\" class=\"more-link\">Continue reading<span class=\"screen-reader-text\"> &#8220;Ma vision de l&#8217;art de la calligraphie :&#8221;<\/span><\/a><\/p>\n","protected":false},"author":1,"featured_media":0,"parent":0,"menu_order":0,"comment_status":"closed","ping_status":"closed","template":"","meta":{"footnotes":""},"class_list":["post-22","page","type-page","status-publish","hentry"],"_links":{"self":[{"href":"https:\/\/achcalligraphy.com\/index.php?rest_route=\/wp\/v2\/pages\/22","targetHints":{"allow":["GET"]}}],"collection":[{"href":"https:\/\/achcalligraphy.com\/index.php?rest_route=\/wp\/v2\/pages"}],"about":[{"href":"https:\/\/achcalligraphy.com\/index.php?rest_route=\/wp\/v2\/types\/page"}],"author":[{"embeddable":true,"href":"https:\/\/achcalligraphy.com\/index.php?rest_route=\/wp\/v2\/users\/1"}],"replies":[{"embeddable":true,"href":"https:\/\/achcalligraphy.com\/index.php?rest_route=%2Fwp%2Fv2%2Fcomments&post=22"}],"version-history":[{"count":11,"href":"https:\/\/achcalligraphy.com\/index.php?rest_route=\/wp\/v2\/pages\/22\/revisions"}],"predecessor-version":[{"id":102,"href":"https:\/\/achcalligraphy.com\/index.php?rest_route=\/wp\/v2\/pages\/22\/revisions\/102"}],"wp:attachment":[{"href":"https:\/\/achcalligraphy.com\/index.php?rest_route=%2Fwp%2Fv2%2Fmedia&parent=22"}],"curies":[{"name":"wp","href":"https:\/\/api.w.org\/{rel}","templated":true}]}}